{"id":187966,"date":"2026-01-10T16:18:13","date_gmt":"2026-01-10T16:18:13","guid":{"rendered":"https:\/\/iber.market\/producto\/mostaza-de-cultivo-ecologico-sin-azucares-anadidos-y-apto-para-veganos-200-g\/"},"modified":"2026-01-18T15:22:42","modified_gmt":"2026-01-18T15:22:42","slug":"mostaza-de-cultivo-ecologico-sin-azucares-anadidos-y-apto-para-veganos-200-g","status":"publish","type":"product","link":"https:\/\/iber.market\/de\/product\/mostaza-de-cultivo-ecologico-sin-azucares-anadidos-y-apto-para-veganos-200-g\/","title":{"rendered":"Senf aus biologischem Anbau, ohne Zuckerzusatz und f\u00fcr Veganer geeignet 200 g."},"content":{"rendered":"<p><strong>ECOCESTA Mostaza de cultivo ecol\u00f3gico, sin az\u00facares a\u00f1adidos y apto para veganos 200 g.<\/strong> der Marke <strong>ECOCEST<\/strong> ist ein Produkt, das zur Kategorie <em>Bio-Supermarkt &gt; Ihre Bio-Vorratskammer<\/em>, im spanischen Bio-Supermarkt ausgew\u00e4hlt.<\/p>\n<p>Dieses Produkt ist f\u00fcr Menschen gedacht, die sich vegan, biologisch oder pflanzlich ern\u00e4hren und dabei Wert auf hochwertige Zutaten, verantwortungsvolle Prozesse und einen nachhaltigeren Konsum legen.<\/p>\n<p>Ideal f\u00fcr europ\u00e4ische Kunden, die biologische und vegane Produkte aus Spanien mit internationaler Lieferung kaufen m\u00f6chten, ohne dabei auf die Essenz des spanischen Supermarktes zu verzichten.<\/p>","protected":false},"excerpt":{"rendered":"<p>ECOCESTA Mostaza de cultivo ecol\u00f3gico, sin az\u00facares a\u00f1adidos y apto para veganos 200 g. ECOCESTA. Producto ecol\u00f3gico y vegano seleccionado en supermercado espa\u00f1ol, ideal para una alimentaci\u00f3n consciente y saludable.<\/p>","protected":false},"featured_media":187967,"template":"","meta":[],"product_brand":[],"product_cat":[356,352],"product_tag":[],"class_list":{"0":"post-187966","1":"product","2":"type-product","3":"status-publish","4":"has-post-thumbnail","6":"product_cat-alimentacion-vegana","7":"product_cat-tu-despensa-ecologica","9":"first","10":"instock","11":"taxable","12":"shipping-taxable","13":"purchasable","14":"product-type-simple"},"jetpack_sharing_enabled":true,"_links":{"self":[{"href":"https:\/\/iber.market\/de\/wp-json\/wp\/v2\/product\/187966","targetHints":{"allow":["GET"]}}],"collection":[{"href":"https:\/\/iber.market\/de\/wp-json\/wp\/v2\/product"}],"about":[{"href":"https:\/\/iber.market\/de\/wp-json\/wp\/v2\/types\/product"}],"wp:featuredmedia":[{"embeddable":true,"href":"https:\/\/iber.market\/de\/wp-json\/wp\/v2\/media\/187967"}],"wp:attachment":[{"href":"https:\/\/iber.market\/de\/wp-json\/wp\/v2\/media?parent=187966"}],"wp:term":[{"taxonomy":"product_brand","embeddable":true,"href":"https:\/\/iber.market\/de\/wp-json\/wp\/v2\/product_brand?post=187966"},{"taxonomy":"product_cat","embeddable":true,"href":"https:\/\/iber.market\/de\/wp-json\/wp\/v2\/product_cat?post=187966"},{"taxonomy":"product_tag","embeddable":true,"href":"https:\/\/iber.market\/de\/wp-json\/wp\/v2\/product_tag?post=187966"}],"curies":[{"name":"wp","href":"https:\/\/api.w.org\/{rel}","templated":true}]}}