{"id":187929,"date":"2026-01-10T16:18:06","date_gmt":"2026-01-10T16:18:06","guid":{"rendered":"https:\/\/iber.market\/producto\/tahini-ecologico-crema-de-semillas-de-sesamo-molido-en-piedra-175-g\/"},"modified":"2026-01-10T16:18:07","modified_gmt":"2026-01-10T16:18:07","slug":"tahini-ecologico-crema-de-semillas-de-sesamo-molido-en-piedra-175-g","status":"publish","type":"product","link":"https:\/\/iber.market\/de\/product\/tahini-ecologico-crema-de-semillas-de-sesamo-molido-en-piedra-175-g\/","title":{"rendered":"Bio-Tahini (gemahlene Sesamsamencreme) 175 g."},"content":{"rendered":"<p><strong>ALVIME Tahini ecol\u00f3gico (crema de semillas de s\u00e9samo molido en piedra) 175 g.<\/strong> der Marke <strong>ALVIME<\/strong> ist ein Produkt, das zur Kategorie <em>Bio-Supermarkt &gt; Ihre Bio-Vorratskammer<\/em>, im spanischen Bio-Supermarkt ausgew\u00e4hlt.<\/p>\n<p>Dieses Produkt ist f\u00fcr Menschen gedacht, die sich vegan, biologisch oder pflanzlich ern\u00e4hren und dabei Wert auf hochwertige Zutaten, verantwortungsvolle Prozesse und einen nachhaltigeren Konsum legen.<\/p>\n<p>Ideal f\u00fcr europ\u00e4ische Kunden, die biologische und vegane Produkte aus Spanien mit internationaler Lieferung kaufen m\u00f6chten, ohne dabei auf die Essenz des spanischen Supermarktes zu verzichten.<\/p>","protected":false},"excerpt":{"rendered":"<p>ALVIME Tahini ecol\u00f3gico (crema de semillas de s\u00e9samo molido en piedra) 175 g. ALVIME. Producto ecol\u00f3gico y vegano seleccionado en supermercado espa\u00f1ol, ideal para una alimentaci\u00f3n consciente y saludable.<\/p>","protected":false},"featured_media":187930,"template":"","meta":[],"product_brand":[],"product_cat":[352],"product_tag":[],"class_list":{"0":"post-187929","1":"product","2":"type-product","3":"status-publish","4":"has-post-thumbnail","6":"product_cat-tu-despensa-ecologica","8":"first","9":"instock","10":"taxable","11":"shipping-taxable","12":"purchasable","13":"product-type-simple"},"jetpack_sharing_enabled":true,"_links":{"self":[{"href":"https:\/\/iber.market\/de\/wp-json\/wp\/v2\/product\/187929","targetHints":{"allow":["GET"]}}],"collection":[{"href":"https:\/\/iber.market\/de\/wp-json\/wp\/v2\/product"}],"about":[{"href":"https:\/\/iber.market\/de\/wp-json\/wp\/v2\/types\/product"}],"wp:featuredmedia":[{"embeddable":true,"href":"https:\/\/iber.market\/de\/wp-json\/wp\/v2\/media\/187930"}],"wp:attachment":[{"href":"https:\/\/iber.market\/de\/wp-json\/wp\/v2\/media?parent=187929"}],"wp:term":[{"taxonomy":"product_brand","embeddable":true,"href":"https:\/\/iber.market\/de\/wp-json\/wp\/v2\/product_brand?post=187929"},{"taxonomy":"product_cat","embeddable":true,"href":"https:\/\/iber.market\/de\/wp-json\/wp\/v2\/product_cat?post=187929"},{"taxonomy":"product_tag","embeddable":true,"href":"https:\/\/iber.market\/de\/wp-json\/wp\/v2\/product_tag?post=187929"}],"curies":[{"name":"wp","href":"https:\/\/api.w.org\/{rel}","templated":true}]}}