{"id":187836,"date":"2026-01-10T16:17:47","date_gmt":"2026-01-10T16:17:47","guid":{"rendered":"https:\/\/iber.market\/producto\/palitos-100-vegetales-a-base-de-verduras-ecologicas-70-g\/"},"modified":"2026-01-10T16:17:48","modified_gmt":"2026-01-10T16:17:48","slug":"100-gemusesticks-aus-bio-gemuse-70-g","status":"publish","type":"product","link":"https:\/\/iber.market\/de\/product\/100-gemusesticks-aus-bio-gemuse-70-g\/","title":{"rendered":"100&amp; Gem\u00fcsesticks auf Basis von Bio-Gem\u00fcse 70 g."},"content":{"rendered":"<p><strong>ECOCESTA 100&amp; Gem\u00fcsesticks auf Basis von Bio-Gem\u00fcse 70 g.<\/strong> der Marke <strong>ECOCEST<\/strong> ist ein Produkt, das zur Kategorie <em>Bio-Supermarkt &gt; Ihre Bio-Vorratskammer<\/em>, im spanischen Bio-Supermarkt ausgew\u00e4hlt.<\/p>\n<p>Dieses Produkt ist f\u00fcr Menschen gedacht, die sich vegan, biologisch oder pflanzlich ern\u00e4hren und dabei Wert auf hochwertige Zutaten, verantwortungsvolle Prozesse und einen nachhaltigeren Konsum legen.<\/p>\n<p>Ideal f\u00fcr europ\u00e4ische Kunden, die biologische und vegane Produkte aus Spanien mit internationaler Lieferung kaufen m\u00f6chten, ohne dabei auf die Essenz des spanischen Supermarktes zu verzichten.<\/p>","protected":false},"excerpt":{"rendered":"<p>ECOCESTA 100&amp; Gem\u00fcsesticks auf Basis von Bio-Gem\u00fcse 70 g. ECOCESTA. \u00d6kologisches und veganes Produkt in spanischen Superm\u00e4rkten ausgew\u00e4hlt, ideal f\u00fcr eine bewusste und gesunde Ern\u00e4hrung.<\/p>","protected":false},"featured_media":187837,"template":"","meta":[],"product_brand":[],"product_cat":[352],"product_tag":[],"class_list":{"0":"post-187836","1":"product","2":"type-product","3":"status-publish","4":"has-post-thumbnail","6":"product_cat-tu-despensa-ecologica","8":"first","9":"instock","10":"taxable","11":"shipping-taxable","12":"purchasable","13":"product-type-simple"},"jetpack_sharing_enabled":true,"_links":{"self":[{"href":"https:\/\/iber.market\/de\/wp-json\/wp\/v2\/product\/187836","targetHints":{"allow":["GET"]}}],"collection":[{"href":"https:\/\/iber.market\/de\/wp-json\/wp\/v2\/product"}],"about":[{"href":"https:\/\/iber.market\/de\/wp-json\/wp\/v2\/types\/product"}],"wp:featuredmedia":[{"embeddable":true,"href":"https:\/\/iber.market\/de\/wp-json\/wp\/v2\/media\/187837"}],"wp:attachment":[{"href":"https:\/\/iber.market\/de\/wp-json\/wp\/v2\/media?parent=187836"}],"wp:term":[{"taxonomy":"product_brand","embeddable":true,"href":"https:\/\/iber.market\/de\/wp-json\/wp\/v2\/product_brand?post=187836"},{"taxonomy":"product_cat","embeddable":true,"href":"https:\/\/iber.market\/de\/wp-json\/wp\/v2\/product_cat?post=187836"},{"taxonomy":"product_tag","embeddable":true,"href":"https:\/\/iber.market\/de\/wp-json\/wp\/v2\/product_tag?post=187836"}],"curies":[{"name":"wp","href":"https:\/\/api.w.org\/{rel}","templated":true}]}}