{"id":187791,"date":"2026-01-10T16:17:40","date_gmt":"2026-01-10T16:17:40","guid":{"rendered":"https:\/\/iber.market\/producto\/limpiahogar-multiusos-con-ph-neutro-ecologico-1l\/"},"modified":"2026-01-10T16:17:40","modified_gmt":"2026-01-10T16:17:40","slug":"limpiahogar-multiusos-con-ph-neutro-ecologico-1l","status":"publish","type":"product","link":"https:\/\/iber.market\/de\/product\/limpiahogar-multiusos-con-ph-neutro-ecologico-1l\/","title":{"rendered":"Mehrzweck-Haushaltsreiniger mit umweltfreundlichem ph-neutralem 1l."},"content":{"rendered":"<p><strong>FROSCH Limpiahogar multiusos con ph-neutro ecol\u00f3gico 1l.<\/strong> der Marke <strong>FROSCH<\/strong> ist ein Produkt, das zur Kategorie <em>Supermercado Ecol\u00f3gico > Droguer\u00eda Ecol\u00f3gica y sostenible<\/em>, im spanischen Bio-Supermarkt ausgew\u00e4hlt.<\/p>\n<p>Dieses Produkt ist f\u00fcr Menschen gedacht, die sich vegan, biologisch oder pflanzlich ern\u00e4hren und dabei Wert auf hochwertige Zutaten, verantwortungsvolle Prozesse und einen nachhaltigeren Konsum legen.<\/p>\n<p>Ideal f\u00fcr europ\u00e4ische Kunden, die biologische und vegane Produkte aus Spanien mit internationaler Lieferung kaufen m\u00f6chten, ohne dabei auf die Essenz des spanischen Supermarktes zu verzichten.<\/p>","protected":false},"excerpt":{"rendered":"<p>FROSCH Limpiahogar multiusos con ph-neutro ecol\u00f3gico 1l. FROSCH. Producto ecol\u00f3gico y vegano seleccionado en supermercado espa\u00f1ol, ideal para una alimentaci\u00f3n consciente y saludable.<\/p>","protected":false},"featured_media":187792,"template":"","meta":[],"product_brand":[],"product_cat":[355],"product_tag":[],"class_list":{"0":"post-187791","1":"product","2":"type-product","3":"status-publish","4":"has-post-thumbnail","6":"product_cat-drogueria-ecologica-y-sostenible","8":"first","9":"instock","10":"taxable","11":"shipping-taxable","12":"purchasable","13":"product-type-simple"},"jetpack_sharing_enabled":true,"_links":{"self":[{"href":"https:\/\/iber.market\/de\/wp-json\/wp\/v2\/product\/187791","targetHints":{"allow":["GET"]}}],"collection":[{"href":"https:\/\/iber.market\/de\/wp-json\/wp\/v2\/product"}],"about":[{"href":"https:\/\/iber.market\/de\/wp-json\/wp\/v2\/types\/product"}],"wp:featuredmedia":[{"embeddable":true,"href":"https:\/\/iber.market\/de\/wp-json\/wp\/v2\/media\/187792"}],"wp:attachment":[{"href":"https:\/\/iber.market\/de\/wp-json\/wp\/v2\/media?parent=187791"}],"wp:term":[{"taxonomy":"product_brand","embeddable":true,"href":"https:\/\/iber.market\/de\/wp-json\/wp\/v2\/product_brand?post=187791"},{"taxonomy":"product_cat","embeddable":true,"href":"https:\/\/iber.market\/de\/wp-json\/wp\/v2\/product_cat?post=187791"},{"taxonomy":"product_tag","embeddable":true,"href":"https:\/\/iber.market\/de\/wp-json\/wp\/v2\/product_tag?post=187791"}],"curies":[{"name":"wp","href":"https:\/\/api.w.org\/{rel}","templated":true}]}}