{"id":187678,"date":"2026-01-10T16:17:19","date_gmt":"2026-01-10T16:17:19","guid":{"rendered":"https:\/\/iber.market\/producto\/vino-blanco-con-d-o-penedes-botella-75-cl\/"},"modified":"2026-01-10T16:17:19","modified_gmt":"2026-01-10T16:17:19","slug":"vino-blanco-con-d-o-penedes-botella-75-cl","status":"publish","type":"product","link":"https:\/\/iber.market\/de\/product\/vino-blanco-con-d-o-penedes-botella-75-cl\/","title":{"rendered":"Wei\u00dfwein mit D.O. Pened\u00e9s 75 cl. Flasche."},"content":{"rendered":"<p><strong>VI\u00d1A ESMERALDA Vino blanco con D.O. Pened\u00e9s botella 75 cl.<\/strong> der Marke <strong>VI\u00d1A ESMERALDA<\/strong> ist ein Produkt, das zur Kategorie <em>Bio-Supermarkt &gt; Bio-Getr\u00e4nke<\/em>, im spanischen Bio-Supermarkt ausgew\u00e4hlt.<\/p>\n<p>Dieses Produkt ist f\u00fcr Menschen gedacht, die sich vegan, biologisch oder pflanzlich ern\u00e4hren und dabei Wert auf hochwertige Zutaten, verantwortungsvolle Prozesse und einen nachhaltigeren Konsum legen.<\/p>\n<p>Ideal f\u00fcr europ\u00e4ische Kunden, die biologische und vegane Produkte aus Spanien mit internationaler Lieferung kaufen m\u00f6chten, ohne dabei auf die Essenz des spanischen Supermarktes zu verzichten.<\/p>","protected":false},"excerpt":{"rendered":"<p>VI\u00d1A ESMERALDA Vino blanco con D.O. Pened\u00e9s botella 75 cl. VI\u00d1A ESMERALDA. Producto ecol\u00f3gico y vegano seleccionado en supermercado espa\u00f1ol, ideal para una alimentaci\u00f3n consciente y saludable.<\/p>","protected":false},"featured_media":187679,"template":"","meta":[],"product_brand":[],"product_cat":[353],"product_tag":[],"class_list":{"0":"post-187678","1":"product","2":"type-product","3":"status-publish","4":"has-post-thumbnail","6":"product_cat-bebidas-ecologicas","8":"first","9":"instock","10":"taxable","11":"shipping-taxable","12":"purchasable","13":"product-type-simple"},"_links":{"self":[{"href":"https:\/\/iber.market\/de\/wp-json\/wp\/v2\/product\/187678","targetHints":{"allow":["GET"]}}],"collection":[{"href":"https:\/\/iber.market\/de\/wp-json\/wp\/v2\/product"}],"about":[{"href":"https:\/\/iber.market\/de\/wp-json\/wp\/v2\/types\/product"}],"wp:featuredmedia":[{"embeddable":true,"href":"https:\/\/iber.market\/de\/wp-json\/wp\/v2\/media\/187679"}],"wp:attachment":[{"href":"https:\/\/iber.market\/de\/wp-json\/wp\/v2\/media?parent=187678"}],"wp:term":[{"taxonomy":"product_brand","embeddable":true,"href":"https:\/\/iber.market\/de\/wp-json\/wp\/v2\/product_brand?post=187678"},{"taxonomy":"product_cat","embeddable":true,"href":"https:\/\/iber.market\/de\/wp-json\/wp\/v2\/product_cat?post=187678"},{"taxonomy":"product_tag","embeddable":true,"href":"https:\/\/iber.market\/de\/wp-json\/wp\/v2\/product_tag?post=187678"}],"curies":[{"name":"wp","href":"https:\/\/api.w.org\/{rel}","templated":true}]}}