{"id":187665,"date":"2026-01-10T16:17:15","date_gmt":"2026-01-10T16:17:15","guid":{"rendered":"https:\/\/iber.market\/producto\/on-the-go-bebida-de-avena-y-cafe-ecologico-230-ml\/"},"modified":"2026-01-10T16:17:16","modified_gmt":"2026-01-10T16:17:16","slug":"bio-kaffee-haferdrink-fur-unterwegs-230-ml","status":"publish","type":"product","link":"https:\/\/iber.market\/de\/product\/bio-kaffee-haferdrink-fur-unterwegs-230-ml\/","title":{"rendered":"On the go Bio-Kaffee und Haferdrink 230 ml."},"content":{"rendered":"<p><strong>ABBOT KINNEY'S Unterwegs Bio Hafer &amp; Kaffee Drink 230 ml.<\/strong> der Marke <strong>ABBOT KINNEY'S<\/strong> ist ein Produkt, das zur Kategorie <em>Bio-Supermarkt &gt; Bio-Getr\u00e4nke<\/em>, im spanischen Bio-Supermarkt ausgew\u00e4hlt.<\/p>\n<p>Dieses Produkt ist f\u00fcr Menschen gedacht, die sich vegan, biologisch oder pflanzlich ern\u00e4hren und dabei Wert auf hochwertige Zutaten, verantwortungsvolle Prozesse und einen nachhaltigeren Konsum legen.<\/p>\n<p>Ideal f\u00fcr europ\u00e4ische Kunden, die biologische und vegane Produkte aus Spanien mit internationaler Lieferung kaufen m\u00f6chten, ohne dabei auf die Essenz des spanischen Supermarktes zu verzichten.<\/p>","protected":false},"excerpt":{"rendered":"<p>ABBOT KINNEY'S Unterwegs Bio Hafer &amp; Kaffee Drink 230 ml. ABBOT KINNEY'S. \u00d6kologisches und veganes Produkt, ausgew\u00e4hlt in spanischen Superm\u00e4rkten, ideal f\u00fcr eine bewusste und gesunde Ern\u00e4hrung.<\/p>","protected":false},"featured_media":187666,"template":"","meta":[],"product_brand":[],"product_cat":[353],"product_tag":[],"class_list":{"0":"post-187665","1":"product","2":"type-product","3":"status-publish","4":"has-post-thumbnail","6":"product_cat-bebidas-ecologicas","8":"first","9":"instock","10":"taxable","11":"shipping-taxable","12":"purchasable","13":"product-type-simple"},"jetpack_sharing_enabled":true,"_links":{"self":[{"href":"https:\/\/iber.market\/de\/wp-json\/wp\/v2\/product\/187665","targetHints":{"allow":["GET"]}}],"collection":[{"href":"https:\/\/iber.market\/de\/wp-json\/wp\/v2\/product"}],"about":[{"href":"https:\/\/iber.market\/de\/wp-json\/wp\/v2\/types\/product"}],"wp:featuredmedia":[{"embeddable":true,"href":"https:\/\/iber.market\/de\/wp-json\/wp\/v2\/media\/187666"}],"wp:attachment":[{"href":"https:\/\/iber.market\/de\/wp-json\/wp\/v2\/media?parent=187665"}],"wp:term":[{"taxonomy":"product_brand","embeddable":true,"href":"https:\/\/iber.market\/de\/wp-json\/wp\/v2\/product_brand?post=187665"},{"taxonomy":"product_cat","embeddable":true,"href":"https:\/\/iber.market\/de\/wp-json\/wp\/v2\/product_cat?post=187665"},{"taxonomy":"product_tag","embeddable":true,"href":"https:\/\/iber.market\/de\/wp-json\/wp\/v2\/product_tag?post=187665"}],"curies":[{"name":"wp","href":"https:\/\/api.w.org\/{rel}","templated":true}]}}