{"id":187570,"date":"2026-01-10T16:16:57","date_gmt":"2026-01-10T16:16:57","guid":{"rendered":"https:\/\/iber.market\/producto\/salsa-alioli-con-ajo-negro-bio-ecologica-sesmans-organic-240-ml\/"},"modified":"2026-01-10T16:16:57","modified_gmt":"2026-01-10T16:16:57","slug":"salsa-alioli-con-ajo-negro-bio-ecologica-sesmans-organic-240-ml","status":"publish","type":"product","link":"https:\/\/iber.market\/de\/product\/salsa-alioli-con-ajo-negro-bio-ecologica-sesmans-organic-240-ml\/","title":{"rendered":"Schwarze Knoblauch-Aioli-Sauce SESMANS ORGANIC 240 ml."},"content":{"rendered":"<p><strong>SESMANS ORGANIC Salsa alioli con ajo negro bio ecol\u00f3gica SESMANS ORGANIC 240 ml.<\/strong> der Marke <strong>SESMANS ORGANIC<\/strong> ist ein Produkt, das zur Kategorie <em>Bio-Supermarkt &gt; Ihre Bio-Vorratskammer<\/em>, im spanischen Bio-Supermarkt ausgew\u00e4hlt.<\/p>\n<p>Dieses Produkt ist f\u00fcr Menschen gedacht, die sich vegan, biologisch oder pflanzlich ern\u00e4hren und dabei Wert auf hochwertige Zutaten, verantwortungsvolle Prozesse und einen nachhaltigeren Konsum legen.<\/p>\n<p>Ideal f\u00fcr europ\u00e4ische Kunden, die biologische und vegane Produkte aus Spanien mit internationaler Lieferung kaufen m\u00f6chten, ohne dabei auf die Essenz des spanischen Supermarktes zu verzichten.<\/p>","protected":false},"excerpt":{"rendered":"<p>SESMANS ORGANIC Salsa alioli con ajo negro bio ecol\u00f3gica SESMANS ORGANIC 240 ml. SESMANS ORGANIC. Producto ecol\u00f3gico y vegano seleccionado en supermercado espa\u00f1ol, ideal para una alimentaci\u00f3n consciente y saludable.<\/p>","protected":false},"featured_media":187571,"template":"","meta":[],"product_brand":[],"product_cat":[352],"product_tag":[],"class_list":{"0":"post-187570","1":"product","2":"type-product","3":"status-publish","4":"has-post-thumbnail","6":"product_cat-tu-despensa-ecologica","8":"first","9":"instock","10":"taxable","11":"shipping-taxable","12":"purchasable","13":"product-type-simple"},"jetpack_sharing_enabled":true,"_links":{"self":[{"href":"https:\/\/iber.market\/de\/wp-json\/wp\/v2\/product\/187570","targetHints":{"allow":["GET"]}}],"collection":[{"href":"https:\/\/iber.market\/de\/wp-json\/wp\/v2\/product"}],"about":[{"href":"https:\/\/iber.market\/de\/wp-json\/wp\/v2\/types\/product"}],"wp:featuredmedia":[{"embeddable":true,"href":"https:\/\/iber.market\/de\/wp-json\/wp\/v2\/media\/187571"}],"wp:attachment":[{"href":"https:\/\/iber.market\/de\/wp-json\/wp\/v2\/media?parent=187570"}],"wp:term":[{"taxonomy":"product_brand","embeddable":true,"href":"https:\/\/iber.market\/de\/wp-json\/wp\/v2\/product_brand?post=187570"},{"taxonomy":"product_cat","embeddable":true,"href":"https:\/\/iber.market\/de\/wp-json\/wp\/v2\/product_cat?post=187570"},{"taxonomy":"product_tag","embeddable":true,"href":"https:\/\/iber.market\/de\/wp-json\/wp\/v2\/product_tag?post=187570"}],"curies":[{"name":"wp","href":"https:\/\/api.w.org\/{rel}","templated":true}]}}