{"id":13190,"date":"2025-08-22T18:57:09","date_gmt":"2025-08-22T18:57:09","guid":{"rendered":"https:\/\/lightgreen-hyena-937059.hostingersite.com\/?post_type=product&#038;p=13190"},"modified":"2025-10-04T06:36:42","modified_gmt":"2025-10-04T06:36:42","slug":"granzoo-alleinfuttermittel-fur-nagetiere","status":"publish","type":"product","link":"https:\/\/iber.market\/de\/product\/granzoo-alleinfuttermittel-fur-nagetiere\/","title":{"rendered":"Alleinfuttermittel f\u00fcr Nagetiere Granzoo"},"content":{"rendered":"<p>Pflege und Nahrung f\u00fcr Nager und kleine Haustiere. Produkte f\u00fcr ihr Wohlbefinden und eine ausgewogene Ern\u00e4hrung, die auf ihre spezifischen Bed\u00fcrfnisse abgestimmt ist.<\/p>","protected":false},"excerpt":{"rendered":"<p>Futter und Grundpflege f\u00fcr Nagetiere und kleine Haustiere.<\/p>","protected":false},"featured_media":13191,"template":"","meta":[],"product_brand":[],"product_cat":[186],"product_tag":[],"class_list":{"0":"post-13190","1":"product","2":"type-product","3":"status-publish","4":"has-post-thumbnail","6":"product_cat-alimentacion-roedores","8":"first","9":"instock","10":"taxable","11":"shipping-taxable","12":"purchasable","13":"product-type-simple"},"jetpack_sharing_enabled":true,"_links":{"self":[{"href":"https:\/\/iber.market\/de\/wp-json\/wp\/v2\/product\/13190","targetHints":{"allow":["GET"]}}],"collection":[{"href":"https:\/\/iber.market\/de\/wp-json\/wp\/v2\/product"}],"about":[{"href":"https:\/\/iber.market\/de\/wp-json\/wp\/v2\/types\/product"}],"wp:featuredmedia":[{"embeddable":true,"href":"https:\/\/iber.market\/de\/wp-json\/wp\/v2\/media\/13191"}],"wp:attachment":[{"href":"https:\/\/iber.market\/de\/wp-json\/wp\/v2\/media?parent=13190"}],"wp:term":[{"taxonomy":"product_brand","embeddable":true,"href":"https:\/\/iber.market\/de\/wp-json\/wp\/v2\/product_brand?post=13190"},{"taxonomy":"product_cat","embeddable":true,"href":"https:\/\/iber.market\/de\/wp-json\/wp\/v2\/product_cat?post=13190"},{"taxonomy":"product_tag","embeddable":true,"href":"https:\/\/iber.market\/de\/wp-json\/wp\/v2\/product_tag?post=13190"}],"curies":[{"name":"wp","href":"https:\/\/api.w.org\/{rel}","templated":true}]}}