{"id":13014,"date":"2025-08-22T18:38:32","date_gmt":"2025-08-22T18:38:32","guid":{"rendered":"https:\/\/lightgreen-hyena-937059.hostingersite.com\/?post_type=product&#038;p=13014"},"modified":"2025-10-04T06:36:11","modified_gmt":"2025-10-04T06:36:11","slug":"malta-para-gato-natura-con-queso","status":"publish","type":"product","link":"https:\/\/iber.market\/de\/product\/malta-para-gato-natura-con-queso\/","title":{"rendered":"Natura Katzenmalz mit K\u00e4se"},"content":{"rendered":"<p>Entdecken Sie unsere Auswahl an Katzenprodukten: Katzentrockenfutter, Katzennassfutter, unwiderstehliche Snacks sowie Pflege- und Hygienel\u00f6sungen. Alles, was Ihre Katze braucht, um gesund und gl\u00fccklich zu bleiben.<\/p>","protected":false},"excerpt":{"rendered":"<p>Qualit\u00e4tsfutter und -pflege f\u00fcr Katzen, die f\u00fcr ihr t\u00e4gliches Wohlbefinden sorgen.<\/p>","protected":false},"featured_media":13012,"template":"","meta":[],"product_brand":[],"product_cat":[175],"product_tag":[],"class_list":{"0":"post-13014","1":"product","2":"type-product","3":"status-publish","4":"has-post-thumbnail","6":"product_cat-aseo-y-cuidado","8":"first","9":"instock","10":"taxable","11":"shipping-taxable","12":"purchasable","13":"product-type-simple"},"jetpack_sharing_enabled":true,"_links":{"self":[{"href":"https:\/\/iber.market\/de\/wp-json\/wp\/v2\/product\/13014","targetHints":{"allow":["GET"]}}],"collection":[{"href":"https:\/\/iber.market\/de\/wp-json\/wp\/v2\/product"}],"about":[{"href":"https:\/\/iber.market\/de\/wp-json\/wp\/v2\/types\/product"}],"wp:featuredmedia":[{"embeddable":true,"href":"https:\/\/iber.market\/de\/wp-json\/wp\/v2\/media\/13012"}],"wp:attachment":[{"href":"https:\/\/iber.market\/de\/wp-json\/wp\/v2\/media?parent=13014"}],"wp:term":[{"taxonomy":"product_brand","embeddable":true,"href":"https:\/\/iber.market\/de\/wp-json\/wp\/v2\/product_brand?post=13014"},{"taxonomy":"product_cat","embeddable":true,"href":"https:\/\/iber.market\/de\/wp-json\/wp\/v2\/product_cat?post=13014"},{"taxonomy":"product_tag","embeddable":true,"href":"https:\/\/iber.market\/de\/wp-json\/wp\/v2\/product_tag?post=13014"}],"curies":[{"name":"wp","href":"https:\/\/api.w.org\/{rel}","templated":true}]}}