{"id":12994,"date":"2025-08-22T18:29:35","date_gmt":"2025-08-22T18:29:35","guid":{"rendered":"https:\/\/lightgreen-hyena-937059.hostingersite.com\/?post_type=product&#038;p=12994"},"modified":"2025-10-04T06:36:04","modified_gmt":"2025-10-04T06:36:04","slug":"comida-gato-senior-supreme-compy-con-pollo-fresco-frutas-y-verduras","status":"publish","type":"product","link":"https:\/\/iber.market\/de\/product\/comida-gato-senior-supreme-compy-con-pollo-fresco-frutas-y-verduras\/","title":{"rendered":"Supreme Compy Senior Katzenfutter mit frischem Huhn, Obst und Gem\u00fcse"},"content":{"rendered":"<p>Entdecken Sie unsere Auswahl an Katzenprodukten: Katzentrockenfutter, Katzennassfutter, unwiderstehliche Snacks sowie Pflege- und Hygienel\u00f6sungen. Alles, was Ihre Katze braucht, um gesund und gl\u00fccklich zu bleiben.<\/p>","protected":false},"excerpt":{"rendered":"<p>Qualit\u00e4tsfutter und -pflege f\u00fcr Katzen, die f\u00fcr ihr t\u00e4gliches Wohlbefinden sorgen.<\/p>","protected":false},"featured_media":12995,"template":"","meta":[],"product_brand":[],"product_cat":[174],"product_tag":[],"class_list":{"0":"post-12994","1":"product","2":"type-product","3":"status-publish","4":"has-post-thumbnail","6":"product_cat-alimentacion-seca","8":"first","9":"instock","10":"taxable","11":"shipping-taxable","12":"purchasable","13":"product-type-simple"},"jetpack_sharing_enabled":true,"_links":{"self":[{"href":"https:\/\/iber.market\/de\/wp-json\/wp\/v2\/product\/12994","targetHints":{"allow":["GET"]}}],"collection":[{"href":"https:\/\/iber.market\/de\/wp-json\/wp\/v2\/product"}],"about":[{"href":"https:\/\/iber.market\/de\/wp-json\/wp\/v2\/types\/product"}],"wp:featuredmedia":[{"embeddable":true,"href":"https:\/\/iber.market\/de\/wp-json\/wp\/v2\/media\/12995"}],"wp:attachment":[{"href":"https:\/\/iber.market\/de\/wp-json\/wp\/v2\/media?parent=12994"}],"wp:term":[{"taxonomy":"product_brand","embeddable":true,"href":"https:\/\/iber.market\/de\/wp-json\/wp\/v2\/product_brand?post=12994"},{"taxonomy":"product_cat","embeddable":true,"href":"https:\/\/iber.market\/de\/wp-json\/wp\/v2\/product_cat?post=12994"},{"taxonomy":"product_tag","embeddable":true,"href":"https:\/\/iber.market\/de\/wp-json\/wp\/v2\/product_tag?post=12994"}],"curies":[{"name":"wp","href":"https:\/\/api.w.org\/{rel}","templated":true}]}}