{"id":12958,"date":"2025-08-21T23:15:43","date_gmt":"2025-08-21T23:15:43","guid":{"rendered":"https:\/\/lightgreen-hyena-937059.hostingersite.com\/?post_type=product&#038;p=12958"},"modified":"2025-10-04T06:36:01","modified_gmt":"2025-10-04T06:36:01","slug":"pate-gato-adulto-delikuit-con-salmon-y-atun","status":"publish","type":"product","link":"https:\/\/iber.market\/de\/product\/pate-gato-adulto-delikuit-con-salmon-y-atun\/","title":{"rendered":"Delikuit Katzenpastete f\u00fcr Erwachsene mit Lachs und Thunfisch"},"content":{"rendered":"<p>Entdecken Sie unsere Auswahl an Katzenprodukten: Katzentrockenfutter, Katzennassfutter, unwiderstehliche Snacks sowie Pflege- und Hygienel\u00f6sungen. Alles, was Ihre Katze braucht, um gesund und gl\u00fccklich zu bleiben.<\/p>","protected":false},"excerpt":{"rendered":"<p>Qualit\u00e4tsfutter und -pflege f\u00fcr Katzen, die f\u00fcr ihr t\u00e4gliches Wohlbefinden sorgen.<\/p>","protected":false},"featured_media":12959,"template":"","meta":[],"product_brand":[],"product_cat":[173],"product_tag":[],"class_list":{"0":"post-12958","1":"product","2":"type-product","3":"status-publish","4":"has-post-thumbnail","6":"product_cat-alimentacion-humeda","8":"first","9":"instock","10":"taxable","11":"shipping-taxable","12":"purchasable","13":"product-type-simple"},"jetpack_sharing_enabled":true,"_links":{"self":[{"href":"https:\/\/iber.market\/de\/wp-json\/wp\/v2\/product\/12958","targetHints":{"allow":["GET"]}}],"collection":[{"href":"https:\/\/iber.market\/de\/wp-json\/wp\/v2\/product"}],"about":[{"href":"https:\/\/iber.market\/de\/wp-json\/wp\/v2\/types\/product"}],"wp:featuredmedia":[{"embeddable":true,"href":"https:\/\/iber.market\/de\/wp-json\/wp\/v2\/media\/12959"}],"wp:attachment":[{"href":"https:\/\/iber.market\/de\/wp-json\/wp\/v2\/media?parent=12958"}],"wp:term":[{"taxonomy":"product_brand","embeddable":true,"href":"https:\/\/iber.market\/de\/wp-json\/wp\/v2\/product_brand?post=12958"},{"taxonomy":"product_cat","embeddable":true,"href":"https:\/\/iber.market\/de\/wp-json\/wp\/v2\/product_cat?post=12958"},{"taxonomy":"product_tag","embeddable":true,"href":"https:\/\/iber.market\/de\/wp-json\/wp\/v2\/product_tag?post=12958"}],"curies":[{"name":"wp","href":"https:\/\/api.w.org\/{rel}","templated":true}]}}