{"id":11658,"date":"2025-08-20T00:43:33","date_gmt":"2025-08-20T00:43:33","guid":{"rendered":"https:\/\/lightgreen-hyena-937059.hostingersite.com\/?post_type=product&#038;p=11658"},"modified":"2026-02-21T16:42:00","modified_gmt":"2026-02-21T16:42:00","slug":"tomate-frito-hacendado","status":"publish","type":"product","link":"https:\/\/iber.market\/de\/product\/tomate-frito-hacendado\/","title":{"rendered":"Hacendado gebratene Tomate"},"content":{"rendered":"<p>Tomate frito Hacendado es un producto muy apreciado dentro de la gastronom\u00eda espa\u00f1ola. Perfecto para expatriados espa\u00f1oles que quieren seguir disfrutando de sabores de casa o para europeos que buscan descubrir comida espa\u00f1ola aut\u00e9ntica.<\/p>\n<p>Ideal f\u00fcr die Zubereitung von mediterranen Gerichten, Tapas oder traditionellen Rezepten, wobei der charakteristische Geschmack erhalten bleibt, der die spanische K\u00fcche in ganz Europa so beliebt macht.<\/p>","protected":false},"excerpt":{"rendered":"<p>Tomate frito Hacendado. Producto t\u00edpico espa\u00f1ol ideal para expatriados y amantes de la gastronom\u00eda espa\u00f1ola en Europa.<\/p>","protected":false},"featured_media":194581,"template":"","meta":[],"product_brand":[],"product_cat":[214],"product_tag":[135],"class_list":{"0":"post-11658","1":"product","2":"type-product","3":"status-publish","4":"has-post-thumbnail","6":"product_cat-salsas-y-condimentos","7":"product_tag-tomate","9":"first","10":"instock","11":"taxable","12":"shipping-taxable","13":"purchasable","14":"product-type-simple"},"jetpack_sharing_enabled":true,"_links":{"self":[{"href":"https:\/\/iber.market\/de\/wp-json\/wp\/v2\/product\/11658","targetHints":{"allow":["GET"]}}],"collection":[{"href":"https:\/\/iber.market\/de\/wp-json\/wp\/v2\/product"}],"about":[{"href":"https:\/\/iber.market\/de\/wp-json\/wp\/v2\/types\/product"}],"wp:featuredmedia":[{"embeddable":true,"href":"https:\/\/iber.market\/de\/wp-json\/wp\/v2\/media\/194581"}],"wp:attachment":[{"href":"https:\/\/iber.market\/de\/wp-json\/wp\/v2\/media?parent=11658"}],"wp:term":[{"taxonomy":"product_brand","embeddable":true,"href":"https:\/\/iber.market\/de\/wp-json\/wp\/v2\/product_brand?post=11658"},{"taxonomy":"product_cat","embeddable":true,"href":"https:\/\/iber.market\/de\/wp-json\/wp\/v2\/product_cat?post=11658"},{"taxonomy":"product_tag","embeddable":true,"href":"https:\/\/iber.market\/de\/wp-json\/wp\/v2\/product_tag?post=11658"}],"curies":[{"name":"wp","href":"https:\/\/api.w.org\/{rel}","templated":true}]}}