{"id":11630,"date":"2025-08-20T00:40:52","date_gmt":"2025-08-20T00:40:52","guid":{"rendered":"https:\/\/lightgreen-hyena-937059.hostingersite.com\/?post_type=product&#038;p=11630"},"modified":"2025-09-08T01:01:37","modified_gmt":"2025-09-08T01:01:37","slug":"melocoton-en-almibar-hacendado-2","status":"publish","type":"product","link":"https:\/\/iber.market\/de\/product\/melocoton-en-almibar-hacendado-2\/","title":{"rendered":"Hacendado-Pfirsiche in Sirup"},"content":{"rendered":"<p>Hacendado Pfirsich in Sirup, ein Klassiker auf dem spanischen Markt. Er ist Teil des Sortiments der Obstkonserven. Ideal f\u00fcr Spanier au\u00dferhalb Europas, die auf der Suche nach Aromen aus ihrer Heimat sind, und f\u00fcr Europ\u00e4er, die authentische spanische Produkte w\u00fcnschen.<\/p>","protected":false},"excerpt":{"rendered":"<p>Hacendado-Pfirsiche in Sirup mit authentischem spanischen Geschmack.<\/p>","protected":false},"featured_media":11631,"template":"","meta":[],"product_brand":[],"product_cat":[132],"product_tag":[134],"class_list":{"0":"post-11630","1":"product","2":"type-product","3":"status-publish","4":"has-post-thumbnail","6":"product_cat-conservas-vegetales-y-tomate","7":"product_tag-conservas-fruta","9":"first","10":"instock","11":"taxable","12":"shipping-taxable","13":"purchasable","14":"product-type-simple"},"jetpack_sharing_enabled":true,"_links":{"self":[{"href":"https:\/\/iber.market\/de\/wp-json\/wp\/v2\/product\/11630","targetHints":{"allow":["GET"]}}],"collection":[{"href":"https:\/\/iber.market\/de\/wp-json\/wp\/v2\/product"}],"about":[{"href":"https:\/\/iber.market\/de\/wp-json\/wp\/v2\/types\/product"}],"wp:featuredmedia":[{"embeddable":true,"href":"https:\/\/iber.market\/de\/wp-json\/wp\/v2\/media\/11631"}],"wp:attachment":[{"href":"https:\/\/iber.market\/de\/wp-json\/wp\/v2\/media?parent=11630"}],"wp:term":[{"taxonomy":"product_brand","embeddable":true,"href":"https:\/\/iber.market\/de\/wp-json\/wp\/v2\/product_brand?post=11630"},{"taxonomy":"product_cat","embeddable":true,"href":"https:\/\/iber.market\/de\/wp-json\/wp\/v2\/product_cat?post=11630"},{"taxonomy":"product_tag","embeddable":true,"href":"https:\/\/iber.market\/de\/wp-json\/wp\/v2\/product_tag?post=11630"}],"curies":[{"name":"wp","href":"https:\/\/api.w.org\/{rel}","templated":true}]}}